{"id":25397,"date":"2024-01-03T11:42:00","date_gmt":"2024-01-03T11:42:00","guid":{"rendered":"https:\/\/maieroffice.cat\/renting-impresoras-y-fotocopiadoras\/"},"modified":"2024-01-03T13:23:11","modified_gmt":"2024-01-03T13:23:11","slug":"renting-impresoras-y-fotocopiadoras","status":"publish","type":"page","link":"https:\/\/maieroffice.cat\/es\/digitalizacion\/renting-impresoras-y-fotocopiadoras\/","title":{"rendered":"Renting impresoras y fotocopiadoras"},"content":{"rendered":"\t\t<div data-elementor-type=\"wp-page\" data-elementor-id=\"25397\" class=\"elementor elementor-25397 elementor-25392\" data-elementor-post-type=\"page\">\n\t\t\t\t\t\t<section class=\"elementor-section elementor-top-section elementor-element elementor-element-841d03d elementor-section-boxed elementor-section-height-default elementor-section-height-default\" data-id=\"841d03d\" data-element_type=\"section\" data-settings=\"{&quot;jet_parallax_layout_list&quot;:[]}\">\n\t\t\t\t\t\t<div class=\"elementor-container elementor-column-gap-default\">\n\t\t\t\t\t<div class=\"elementor-column elementor-col-100 elementor-top-column elementor-element elementor-element-1c61257\" data-id=\"1c61257\" data-element_type=\"column\">\n\t\t\t<div class=\"elementor-widget-wrap elementor-element-populated\">\n\t\t\t\t\t\t<div class=\"elementor-element elementor-element-490739a elementor-widget elementor-widget-heading\" data-id=\"490739a\" data-element_type=\"widget\" data-widget_type=\"heading.default\">\n\t\t\t\t<div class=\"elementor-widget-container\">\n\t\t\t\t\t<h2 class=\"elementor-heading-title elementor-size-default\">Renting impresoras y fotocopiadoras<\/h2>\t\t\t\t<\/div>\n\t\t\t\t<\/div>\n\t\t\t\t<div class=\"elementor-element elementor-element-b350b3c elementor-widget elementor-widget-shortcode\" data-id=\"b350b3c\" data-element_type=\"widget\" data-widget_type=\"shortcode.default\">\n\t\t\t\t<div class=\"elementor-widget-container\">\n\t\t\t\t\t<ul><li><a href=\"https:\/\/maieroffice.cat\/es\/renting-impresoras\/aiguafreda\/\">Aiguafreda<\/a><\/li><li><a href=\"https:\/\/maieroffice.cat\/es\/renting-impresoras\/balenya\/\">Baleny\u00e0<\/a><\/li><li><a href=\"https:\/\/maieroffice.cat\/es\/renting-impresoras\/bigues-i-riells-del-fai\/\">Bigues i Riells del Fai<\/a><\/li><li><a href=\"https:\/\/maieroffice.cat\/es\/renting-impresoras\/caldes-de-montbui\/\">Caldes de Montbui<\/a><\/li><li><a href=\"https:\/\/maieroffice.cat\/es\/renting-impresoras\/calldetenes\/\">Calldetenes<\/a><\/li><li><a href=\"https:\/\/maieroffice.cat\/es\/renting-impresoras\/campins\/\">Campins<\/a><\/li><li><a href=\"https:\/\/maieroffice.cat\/es\/renting-impresoras\/canovelles\/\">Canovelles<\/a><\/li><li><a href=\"https:\/\/maieroffice.cat\/es\/renting-impresoras\/canoves-i-samalus\/\">C\u00e0noves i Samal\u00fas<\/a><\/li><li><a href=\"https:\/\/maieroffice.cat\/es\/renting-impresoras\/cardedeu\/\">Cardedeu<\/a><\/li><li><a href=\"https:\/\/maieroffice.cat\/es\/renting-impresoras\/centelles\/\">Centelles<\/a><\/li><li><a href=\"https:\/\/maieroffice.cat\/es\/renting-impresoras\/el-brull\/\">el Brull<\/a><\/li><li><a href=\"https:\/\/maieroffice.cat\/es\/renting-impresoras\/espinelves\/\">Espinelves<\/a><\/li><li><a href=\"https:\/\/maieroffice.cat\/es\/renting-impresoras\/fogars-de-rosanes\/\">Fogars de Rosanes<\/a><\/li><li><a href=\"https:\/\/maieroffice.cat\/es\/renting-impresoras\/folgueroles\/\">Folgueroles<\/a><\/li><li><a href=\"https:\/\/maieroffice.cat\/es\/renting-impresoras\/granollers\/\">Granollers<\/a><\/li><li><a href=\"https:\/\/maieroffice.cat\/es\/renting-impresoras\/gualba\/\">Gualba<\/a><\/li><li><a href=\"https:\/\/maieroffice.cat\/es\/renting-impresoras\/gurb\/\">Gurb<\/a><\/li><li><a href=\"https:\/\/maieroffice.cat\/es\/renting-impresoras\/lametlla-del-valles\/\">L&#8217;Ametlla del Vall\u00e8s<\/a><\/li><li><a href=\"https:\/\/maieroffice.cat\/es\/renting-impresoras\/lesquirol\/\">l&#8217;Esquirol<\/a><\/li><li><a href=\"https:\/\/maieroffice.cat\/es\/renting-impresoras\/la-garriga\/\">La Garriga<\/a><\/li><li><a href=\"https:\/\/maieroffice.cat\/es\/renting-impresoras\/la-llagosta\/\">La Llagosta<\/a><\/li><li><a href=\"https:\/\/maieroffice.cat\/es\/renting-impresoras\/la-roca-del-valles\/\">La Roca del Vall\u00e8s<\/a><\/li><li><a href=\"https:\/\/maieroffice.cat\/es\/renting-impresoras\/les-franqueses-del-valles\/\">Les Franqueses del Vall\u00e8s<\/a><\/li><li><a href=\"https:\/\/maieroffice.cat\/es\/renting-impresoras\/las-masies-de-roda\/\">les Masies de Roda<\/a><\/li><li><a href=\"https:\/\/maieroffice.cat\/es\/renting-impresoras\/las-masies-de-voltrega\/\">les Masies de Voltreg\u00e0<\/a><\/li><li><a href=\"https:\/\/maieroffice.cat\/es\/renting-impresoras\/llica-damunt\/\">Lli\u00e7\u00e0 d&#8217;Amunt<\/a><\/li><li><a href=\"https:\/\/maieroffice.cat\/es\/renting-impresoras\/llica-de-vall\/\">Lli\u00e7\u00e0 de Vall<\/a><\/li><li><a href=\"https:\/\/maieroffice.cat\/es\/renting-impresoras\/llinars-del-valles\/\">Llinars del Vall\u00e8s<\/a><\/li><li><a href=\"https:\/\/maieroffice.cat\/es\/renting-impresoras\/malla\/\">Malla<\/a><\/li><li><a href=\"https:\/\/maieroffice.cat\/es\/renting-impresoras\/manlleu\/\">Manlleu<\/a><\/li><li><a href=\"https:\/\/maieroffice.cat\/es\/renting-impresoras\/martorelles\/\">Martorelles<\/a><\/li><li><a href=\"https:\/\/maieroffice.cat\/es\/renting-impresoras\/mollet-del-valles\/\">Mollet del Vall\u00e8s<\/a><\/li><li><a href=\"https:\/\/maieroffice.cat\/es\/renting-impresoras\/montclar-montmany\/\">Montclar-Montmany<\/a><\/li><li><a href=\"https:\/\/maieroffice.cat\/es\/renting-impresoras\/montesquiu\/\">Montesquiu<\/a><\/li><li><a href=\"https:\/\/maieroffice.cat\/es\/renting-impresoras\/montmelo\/\">Montmel\u00f3<\/a><\/li><li><a href=\"https:\/\/maieroffice.cat\/es\/renting-impresoras\/montornes-del-valles\/\">Montorn\u00e8s del Vall\u00e8s<\/a><\/li><li><a href=\"https:\/\/maieroffice.cat\/es\/renting-impresoras\/montseny\/\">Montseny<\/a><\/li><li><a href=\"https:\/\/maieroffice.cat\/es\/renting-impresoras\/muntanyola\/\">Muntanyola<\/a><\/li><li><a href=\"https:\/\/maieroffice.cat\/es\/renting-impresoras\/oris\/\">Or\u00eds<\/a><\/li><li><a href=\"https:\/\/maieroffice.cat\/es\/renting-impresoras\/parets-del-valles\/\">Parets del Vall\u00e8s<\/a><\/li><li><a href=\"https:\/\/maieroffice.cat\/es\/renting-impresoras\/roda-de-ter\/\">Roda de Ter<\/a><\/li><li><a href=\"https:\/\/maieroffice.cat\/es\/renting-impresoras\/rupit-i-pruit\/\">Rupit i Pruit<\/a><\/li><li><a href=\"https:\/\/maieroffice.cat\/es\/renting-impresoras\/sanauja\/\">Sana\u00fcja<\/a><\/li><li><a href=\"https:\/\/maieroffice.cat\/es\/renting-impresoras\/sant-agusti-de-llucanes\/\">Sant Agust\u00ed de Llu\u00e7an\u00e8s<\/a><\/li><li><a href=\"https:\/\/maieroffice.cat\/es\/renting-impresoras\/sant-antoni-de-vilamajor\/\">Sant Antoni de Vilamajor<\/a><\/li><li><a href=\"https:\/\/maieroffice.cat\/es\/renting-impresoras\/sant-bartomeu-del-grau\/\">Sant Bartomeu del Grau<\/a><\/li><li><a href=\"https:\/\/maieroffice.cat\/es\/renting-impresoras\/sant-boi-de-llucanes\/\">Sant Boi de Llu\u00e7an\u00e8s<\/a><\/li><li><a href=\"https:\/\/maieroffice.cat\/es\/renting-impresoras\/san-celoni\/\">Sant Celoni<\/a><\/li><li><a href=\"https:\/\/maieroffice.cat\/es\/renting-impresoras\/sant-esteve-de-palautordera\/\">Sant Esteve de Palautordera<\/a><\/li><li><a href=\"https:\/\/maieroffice.cat\/es\/renting-impresoras\/sant-feliu-de-codines\/\">Sant Feliu de Codines<\/a><\/li><li><a href=\"https:\/\/maieroffice.cat\/es\/renting-impresoras\/sant-fost-de-campsentelles\/\">Sant Fost de Campsentelles<\/a><\/li><li><a href=\"https:\/\/maieroffice.cat\/es\/renting-impresoras\/sant-hipolit-de-voltrega\/\">Sant Hip\u00f2lit de Voltreg\u00e0<\/a><\/li><li><a href=\"https:\/\/maieroffice.cat\/es\/renting-impresoras\/sant-julia-de-vilatorta\/\">Sant Juli\u00e0 de Vilatorta<\/a><\/li><li><a href=\"https:\/\/maieroffice.cat\/es\/renting-impresoras\/sant-marti-de-centelles\/\">Sant Mart\u00ed de Centelles<\/a><\/li><li><a href=\"https:\/\/maieroffice.cat\/es\/renting-impresoras\/sant-pere-de-torello\/\">Sant Pere de Torell\u00f3<\/a><\/li><li><a href=\"https:\/\/maieroffice.cat\/es\/renting-impresoras\/sant-pere-de-vilamajor\/\">Sant Pere de Vilamajor<\/a><\/li><li><a href=\"https:\/\/maieroffice.cat\/es\/renting-impresoras\/sant-quirze-de-besora\/\">Sant Quirze de Besora<\/a><\/li><li><a href=\"https:\/\/maieroffice.cat\/es\/renting-impresoras\/sant-sadurni-dosormort\/\">Sant Sadurn\u00ed d&#8217;Osormort<\/a><\/li><li><a href=\"https:\/\/maieroffice.cat\/es\/renting-impresoras\/sant-vicenc-de-torello\/\">Sant Vicen\u00e7 de Torell\u00f3<\/a><\/li><li><a href=\"https:\/\/maieroffice.cat\/es\/renting-impresoras\/santa-cecilia-de-voltrega\/\">Santa Cec\u00edlia de Voltreg\u00e0<\/a><\/li><li><a href=\"https:\/\/maieroffice.cat\/es\/renting-impresoras\/santa-eugenia-de-berga\/\">Santa Eug\u00e8nia de Berga<\/a><\/li><li><a href=\"https:\/\/maieroffice.cat\/es\/renting-impresoras\/santa-eulalia-de-riuprimer\/\">Santa Eul\u00e0lia de Riuprimer<\/a><\/li><li><a href=\"https:\/\/maieroffice.cat\/es\/renting-impresoras\/santa-eulalia-de-roncana\/\">Santa Eul\u00e0lia de Ron\u00e7ana<\/a><\/li><li><a href=\"https:\/\/maieroffice.cat\/es\/renting-impresoras\/santa-maria-de-besora\/\">Santa Maria de Besora<\/a><\/li><li><a href=\"https:\/\/maieroffice.cat\/es\/renting-impresoras\/santa-maria-de-martorelles\/\">Santa Maria de Martorelles<\/a><\/li><li><a href=\"https:\/\/maieroffice.cat\/es\/renting-impresoras\/santa-maria-de-palautordera\/\">Santa Maria de Palautordera<\/a><\/li><li><a href=\"https:\/\/maieroffice.cat\/es\/renting-impresoras\/seva\/\">Seva<\/a><\/li><li><a href=\"https:\/\/maieroffice.cat\/es\/renting-impresoras\/sora\/\">Sora<\/a><\/li><li><a href=\"https:\/\/maieroffice.cat\/es\/renting-impresoras\/tagamanent\/\">Tagamanent<\/a><\/li><li><a href=\"https:\/\/maieroffice.cat\/es\/renting-impresoras\/taradell\/\">Taradell<\/a><\/li><li><a href=\"https:\/\/maieroffice.cat\/es\/renting-impresoras\/tavernoles\/\">Tav\u00e8rnoles<\/a><\/li><li><a href=\"https:\/\/maieroffice.cat\/es\/renting-impresoras\/tavertet\/\">Tavertet<\/a><\/li><li><a href=\"https:\/\/maieroffice.cat\/es\/renting-impresoras\/tona\/\">Tona<\/a><\/li><li><a href=\"https:\/\/maieroffice.cat\/es\/renting-impresoras\/torello\/\">Torell\u00f3<\/a><\/li><li><a href=\"https:\/\/maieroffice.cat\/es\/renting-impresoras\/vallromanes\/\">Vallromanes<\/a><\/li><li><a href=\"https:\/\/maieroffice.cat\/es\/renting-impresoras\/vic\/\">Vic<\/a><\/li><li><a href=\"https:\/\/maieroffice.cat\/es\/renting-impresoras\/vidra\/\">Vidr\u00e0<\/a><\/li><li><a href=\"https:\/\/maieroffice.cat\/es\/renting-impresoras\/viladrau\/\">Viladrau<\/a><\/li><li><a href=\"https:\/\/maieroffice.cat\/es\/renting-impresoras\/vilalba-sasserra\/\">Vilalba Sasserra<\/a><\/li><li><a href=\"https:\/\/maieroffice.cat\/es\/renting-impresoras\/vilanova-de-sau\/\">Vilanova de Sau<\/a><\/li><li><a href=\"https:\/\/maieroffice.cat\/es\/renting-impresoras\/vilanova-del-valles\/\">Vilanova del Vall\u00e8s<\/a><\/li><\/ul>\t\t<div class=\"elementor-shortcode\"><\/div>\n\t\t\t\t\t\t<\/div>\n\t\t\t\t<\/div>\n\t\t\t\t\t<\/div>\n\t\t<\/div>\n\t\t\t\t\t<\/div>\n\t\t<\/section>\n\t\t\t\t<\/div>\n\t\t","protected":false},"excerpt":{"rendered":"<p>Renting impresoras y fotocopiadoras<\/p>\n","protected":false},"author":1,"featured_media":0,"parent":18691,"menu_order":0,"comment_status":"closed","ping_status":"closed","template":"","meta":{"site-sidebar-layout":"no-sidebar","site-content-layout":"page-builder","ast-site-content-layout":"default","site-content-style":"default","site-sidebar-style":"default","ast-global-header-display":"","ast-banner-title-visibility":"","ast-main-header-display":"","ast-hfb-above-header-display":"","ast-hfb-below-header-display":"","ast-hfb-mobile-header-display":"","site-post-title":"disabled","ast-breadcrumbs-content":"","ast-featured-img":"disabled","footer-sml-layout":"","ast-disable-related-posts":"","theme-transparent-header-meta":"","adv-header-id-meta":"","stick-header-meta":"","header-above-stick-meta":"","header-main-stick-meta":"","header-below-stick-meta":"","astra-migrate-meta-layouts":"default","ast-page-background-enabled":"default","ast-page-background-meta":{"desktop":{"background-color":"var(--ast-global-color-4)","background-image":"","background-repeat":"repeat","background-position":"center center","background-size":"auto","background-attachment":"scroll","background-type":"","background-media":"","overlay-type":"","overlay-color":"","overlay-opacity":"","overlay-gradient":""},"tablet":{"background-color":"","background-image":"","background-repeat":"repeat","background-position":"center center","background-size":"auto","background-attachment":"scroll","background-type":"","background-media":"","overlay-type":"","overlay-color":"","overlay-opacity":"","overlay-gradient":""},"mobile":{"background-color":"","background-image":"","background-repeat":"repeat","background-position":"center center","background-size":"auto","background-attachment":"scroll","background-type":"","background-media":"","overlay-type":"","overlay-color":"","overlay-opacity":"","overlay-gradient":""}},"ast-content-background-meta":{"desktop":{"background-color":"var(--ast-global-color-5)","background-image":"","background-repeat":"repeat","background-position":"center center","background-size":"auto","background-attachment":"scroll","background-type":"","background-media":"","overlay-type":"","overlay-color":"","overlay-opacity":"","overlay-gradient":""},"tablet":{"background-color":"var(--ast-global-color-5)","background-image":"","background-repeat":"repeat","background-position":"center center","background-size":"auto","background-attachment":"scroll","background-type":"","background-media":"","overlay-type":"","overlay-color":"","overlay-opacity":"","overlay-gradient":""},"mobile":{"background-color":"var(--ast-global-color-5)","background-image":"","background-repeat":"repeat","background-position":"center center","background-size":"auto","background-attachment":"scroll","background-type":"","background-media":"","overlay-type":"","overlay-color":"","overlay-opacity":"","overlay-gradient":""}},"footnotes":""},"class_list":["post-25397","page","type-page","status-publish","hentry"],"_links":{"self":[{"href":"https:\/\/maieroffice.cat\/es\/wp-json\/wp\/v2\/pages\/25397","targetHints":{"allow":["GET"]}}],"collection":[{"href":"https:\/\/maieroffice.cat\/es\/wp-json\/wp\/v2\/pages"}],"about":[{"href":"https:\/\/maieroffice.cat\/es\/wp-json\/wp\/v2\/types\/page"}],"author":[{"embeddable":true,"href":"https:\/\/maieroffice.cat\/es\/wp-json\/wp\/v2\/users\/1"}],"replies":[{"embeddable":true,"href":"https:\/\/maieroffice.cat\/es\/wp-json\/wp\/v2\/comments?post=25397"}],"version-history":[{"count":1,"href":"https:\/\/maieroffice.cat\/es\/wp-json\/wp\/v2\/pages\/25397\/revisions"}],"predecessor-version":[{"id":25398,"href":"https:\/\/maieroffice.cat\/es\/wp-json\/wp\/v2\/pages\/25397\/revisions\/25398"}],"up":[{"embeddable":true,"href":"https:\/\/maieroffice.cat\/es\/wp-json\/wp\/v2\/pages\/18691"}],"wp:attachment":[{"href":"https:\/\/maieroffice.cat\/es\/wp-json\/wp\/v2\/media?parent=25397"}],"curies":[{"name":"wp","href":"https:\/\/api.w.org\/{rel}","templated":true}]}}