{"id":22677,"date":"2022-11-02T08:03:33","date_gmt":"2022-11-02T08:03:33","guid":{"rendered":"https:\/\/maieroffice.cat\/politica-de-cookies\/"},"modified":"2022-11-02T08:07:06","modified_gmt":"2022-11-02T08:07:06","slug":"politica-cookies","status":"publish","type":"page","link":"https:\/\/maieroffice.cat\/es\/politica-cookies\/","title":{"rendered":"Pol\u00edtica de Cookies"},"content":{"rendered":"\t\t<div data-elementor-type=\"wp-page\" data-elementor-id=\"22677\" class=\"elementor elementor-22677 elementor-22671\" data-elementor-post-type=\"page\">\n\t\t\t\t\t\t<section class=\"elementor-section elementor-top-section elementor-element elementor-element-7bf9520 elementor-section-boxed elementor-section-height-default elementor-section-height-default\" data-id=\"7bf9520\" data-element_type=\"section\" data-settings=\"{&quot;jet_parallax_layout_list&quot;:[]}\">\n\t\t\t\t\t\t<div class=\"elementor-container elementor-column-gap-default\">\n\t\t\t\t\t<div class=\"elementor-column elementor-col-100 elementor-top-column elementor-element elementor-element-ec5a785\" data-id=\"ec5a785\" data-element_type=\"column\">\n\t\t\t<div class=\"elementor-widget-wrap elementor-element-populated\">\n\t\t\t\t\t\t<div class=\"elementor-element elementor-element-fbbde0d elementor-widget elementor-widget-heading\" data-id=\"fbbde0d\" data-element_type=\"widget\" data-widget_type=\"heading.default\">\n\t\t\t\t<div class=\"elementor-widget-container\">\n\t\t\t\t\t<h1 class=\"elementor-heading-title elementor-size-default\">Pol\u00edtica de Cookies<\/h1>\t\t\t\t<\/div>\n\t\t\t\t<\/div>\n\t\t\t\t<div class=\"elementor-element elementor-element-5b58569 elementor-widget elementor-widget-text-editor\" data-id=\"5b58569\" data-element_type=\"widget\" data-widget_type=\"text-editor.default\">\n\t\t\t\t<div class=\"elementor-widget-container\">\n\t\t\t\t\t\t\t\t\t<p>Una cookie es un peque\u00f1o archivo de texto que se almacena en su navegador cuando visita casi cualquier p\u00e1gina web. Su utilidad es que la web sea capaz de recordar su visita cuando vuelva a navegar por esa p\u00e1gina. Las cookies suelen almacenar informaci\u00f3n de car\u00e1cter t\u00e9cnico, preferencias personales, personalizaci\u00f3n de contenidos, estad\u00edsticas de uso, links a redes sociales, acceso a cuentas de usuario, etc. El objetivo de la cookie es adaptar el contenido de la web a su perfil y necesidades, sin cookies los servicios ofrecidos por cualquier p\u00e1gina se ver\u00edan mermados notablemente. Si desea consultar m\u00e1s informaci\u00f3n sobre qu\u00e9 son las cookies, qu\u00e9 se almacenan, c\u00f3mo eliminarlas, desactivarlas, etc., le rogamos se dirija a este enlace.<\/p>\n<h2 data-fontsize=\"27\" data-lineheight=\"35.1px\">Cookies utilizadas en este sitio web<\/h2>\n<p>Siguiendo las directrices de la Agencia Espa\u00f1ola de Protecci\u00f3n de Datos procedemos a detallar el uso de cookies que hace esta web para informarle con la m\u00e1xima exactitud posible.<\/p>\n<p><strong>Este sitio web utiliza las siguientes cookies:<\/strong><\/p>\n<div>\n<table width=\"100%\">\n<thead>\n<tr>\n<th align=\"left\">Cookie<\/th>\n<th align=\"left\">Funci\u00f3n<\/th>\n<th align=\"left\">Empresa<\/th>\n<th align=\"left\">Caducidad<\/th>\n<\/tr>\n<\/thead>\n<tbody>\n<tr>\n<td align=\"left\">_ga<\/td>\n<td align=\"left\">Cookie de Google Analytics. Permite conectar con el servicio para mantener estad\u00edsticas an\u00f3nimas sobre el uso de la web por parte de los usuarios. <a href=\"https:\/\/developers.google.com\/analytics\/devguides\/collection\/analyticsjs\/cookie-usage?hl=es\" target=\"_blank\" rel=\"noopener\">M\u00e1s informaci\u00f3n<\/a> .<\/td>\n<td align=\"left\">Google<\/td>\n<td align=\"left\">1 a\u00f1o<\/td>\n<\/tr>\n<tr>\n<td align=\"left\">_gid<\/td>\n<td align=\"left\">Complementa la funci\u00f3n de _ga.<\/td>\n<td align=\"left\">Google<\/td>\n<td align=\"left\">1 a\u00f1o<\/td>\n<\/tr>\n<tr>\n<td align=\"left\">_gat_gtag<\/td>\n<td align=\"left\">Complementa la funci\u00f3n de _ga.<\/td>\n<td align=\"left\">Google<\/td>\n<td align=\"left\">1 a\u00f1o<\/td>\n<\/tr>\n<tr>\n<td align=\"left\">euCookie<\/td>\n<td align=\"left\">Cookie que almacena su selecci\u00f3n sobre la aceptaci\u00f3n de cookies.<\/td>\n<td align=\"left\">Maieroffice<\/td>\n<td align=\"left\">1 a\u00f1o<\/td>\n<\/tr>\n<tr>\n<td align=\"left\">wp-wpml_current_language<\/td>\n<td align=\"left\">Cookie para almacenar el idioma en el que visualiza la web.<\/td>\n<td align=\"left\">Maieroffice<\/td>\n<td align=\"left\">1 a\u00f1o<\/td>\n<\/tr>\n<\/tbody>\n<\/table>\n<\/div>\n<p><strong>Desactivaci\u00f3n o eliminaci\u00f3n de cookies<\/strong><\/p>\n<p>En cualquier momento podr\u00e1 ejercitar su derecho de desactivaci\u00f3n o eliminaci\u00f3n de cookies de este sitio web. Estas acciones se realizan de forma distinta en funci\u00f3n del navegador que est\u00e9 usando.<\/p>\n<p style=\"overflow-wrap: break-word; color: #333333; font-family: 'Open Sans'; font-size: 15px; font-style: normal; font-weight: 400;\"><span style=\"font-weight: bolder;\">Notas adicionales<\/span><\/p>\n<p style=\"overflow-wrap: break-word; color: #333333; font-family: 'Open Sans'; font-size: 15px; font-style: normal; font-weight: 400;\">Ni este sitio web ni sus representantes legales se hacen responsables ni del contenido ni de la veracidad de las pol\u00edticas de privacidad que puedan tener los terceros mencionados en esta pol\u00edtica de cookies.<\/p>\n<p style=\"overflow-wrap: break-word; color: #333333; font-family: 'Open Sans'; font-size: 15px; font-style: normal; font-weight: 400;\">Los navegadores web son las herramientas encargadas de almacenar las cookies y desde este sitio de efectuar su derecho a eliminaci\u00f3n o desactivaci\u00f3n de las mismas. Ni esta web ni sus representantes legales pueden garantizar la correcta o incorrecta manipulaci\u00f3n de las cookies por parte de dichos navegadores.<\/p>\n<p style=\"overflow-wrap: break-word; color: #333333; font-family: 'Open Sans'; font-size: 15px; font-style: normal; font-weight: 400;\">En algunos casos es necesario instalar cookies para que el navegador no olvide su decisi\u00f3n de no aceptaci\u00f3n de las mismas.<\/p>\n<p style=\"overflow-wrap: break-word; color: #333333; font-family: 'Open Sans'; font-size: 15px; font-style: normal; font-weight: 400;\">En el caso de las cookies de Google Analytics, esta empresa almacena las cookies en los servidores en Estados Unidos y se compromete a no compartirla con terceros, salvo en los casos en que sea necesario para el funcionamiento del sistema o cuando la ley obligue a tal efecto. Seg\u00fan Google no guarda su direcci\u00f3n IP. Google Inc es una compa\u00f1\u00eda adherida al Acuerdo de Port Segur que garantiza que todos los datos transferidos ser\u00e1n tratados con un nivel de protecci\u00f3n acorde con la normativa europea. Puede consultar informaci\u00f3n detallada al respecto en <a style=\"transition-property: color, background-color, border-color; outline: none !important;\" href=\"http:\/\/safeharbor.export.gov\/companyinfo.aspx?id=16626\" target=\"_blank\" rel=\"noopener\">este enlace<\/a> . Si desea informaci\u00f3n sobre el uso que Google da a las cookies le adjuntamos <a style=\"transition-property: color, background-color, border-color; outline: none !important;\" href=\"https:\/\/developers.google.com\/analytics\/devguides\/collection\/analyticsjs\/cookie-usage?hl=es&amp;csw=1\" target=\"_blank\" rel=\"noopener\">este otro enlace<\/a> .<\/p>\n<p style=\"overflow-wrap: break-word; color: #333333; font-family: 'Open Sans'; font-size: 15px; font-style: normal; font-weight: 400;\">Para cualquier duda o consulta sobre esta pol\u00edtica de cookies, no dude en comunicarse con nosotros a trav\u00e9s de la secci\u00f3n de contacto.<\/p>\n\t\t\t\t\t\t\t\t<\/div>\n\t\t\t\t<\/div>\n\t\t\t\t\t<\/div>\n\t\t<\/div>\n\t\t\t\t\t<\/div>\n\t\t<\/section>\n\t\t\t\t<\/div>\n\t\t","protected":false},"excerpt":{"rendered":"<p>Una cookie es un peque\u00f1o archivo de texto que se almacena en su navegador cuando visita casi cualquier p\u00e1gina web. Su utilidad es que la web sea capaz de recordar su visita cuando vuelva a navegar por esa p\u00e1gina. Las cookies suelen almacenar informaci\u00f3n de car\u00e1cter t\u00e9cnico, preferencias personales, personalizaci\u00f3n de contenidos, estad\u00edsticas de uso, [&hellip;]<\/p>\n","protected":false},"author":1,"featured_media":0,"parent":0,"menu_order":0,"comment_status":"closed","ping_status":"closed","template":"","meta":{"site-sidebar-layout":"no-sidebar","site-content-layout":"page-builder","ast-site-content-layout":"default","site-content-style":"default","site-sidebar-style":"default","ast-global-header-display":"","ast-banner-title-visibility":"","ast-main-header-display":"","ast-hfb-above-header-display":"","ast-hfb-below-header-display":"","ast-hfb-mobile-header-display":"","site-post-title":"disabled","ast-breadcrumbs-content":"","ast-featured-img":"disabled","footer-sml-layout":"","ast-disable-related-posts":"","theme-transparent-header-meta":"","adv-header-id-meta":"","stick-header-meta":"","header-above-stick-meta":"","header-main-stick-meta":"","header-below-stick-meta":"","astra-migrate-meta-layouts":"default","ast-page-background-enabled":"default","ast-page-background-meta":{"desktop":{"background-color":"var(--ast-global-color-4)","background-image":"","background-repeat":"repeat","background-position":"center center","background-size":"auto","background-attachment":"scroll","background-type":"","background-media":"","overlay-type":"","overlay-color":"","overlay-opacity":"","overlay-gradient":""},"tablet":{"background-color":"","background-image":"","background-repeat":"repeat","background-position":"center center","background-size":"auto","background-attachment":"scroll","background-type":"","background-media":"","overlay-type":"","overlay-color":"","overlay-opacity":"","overlay-gradient":""},"mobile":{"background-color":"","background-image":"","background-repeat":"repeat","background-position":"center center","background-size":"auto","background-attachment":"scroll","background-type":"","background-media":"","overlay-type":"","overlay-color":"","overlay-opacity":"","overlay-gradient":""}},"ast-content-background-meta":{"desktop":{"background-color":"var(--ast-global-color-5)","background-image":"","background-repeat":"repeat","background-position":"center center","background-size":"auto","background-attachment":"scroll","background-type":"","background-media":"","overlay-type":"","overlay-color":"","overlay-opacity":"","overlay-gradient":""},"tablet":{"background-color":"var(--ast-global-color-5)","background-image":"","background-repeat":"repeat","background-position":"center center","background-size":"auto","background-attachment":"scroll","background-type":"","background-media":"","overlay-type":"","overlay-color":"","overlay-opacity":"","overlay-gradient":""},"mobile":{"background-color":"var(--ast-global-color-5)","background-image":"","background-repeat":"repeat","background-position":"center center","background-size":"auto","background-attachment":"scroll","background-type":"","background-media":"","overlay-type":"","overlay-color":"","overlay-opacity":"","overlay-gradient":""}},"footnotes":""},"class_list":["post-22677","page","type-page","status-publish","hentry"],"_links":{"self":[{"href":"https:\/\/maieroffice.cat\/es\/wp-json\/wp\/v2\/pages\/22677","targetHints":{"allow":["GET"]}}],"collection":[{"href":"https:\/\/maieroffice.cat\/es\/wp-json\/wp\/v2\/pages"}],"about":[{"href":"https:\/\/maieroffice.cat\/es\/wp-json\/wp\/v2\/types\/page"}],"author":[{"embeddable":true,"href":"https:\/\/maieroffice.cat\/es\/wp-json\/wp\/v2\/users\/1"}],"replies":[{"embeddable":true,"href":"https:\/\/maieroffice.cat\/es\/wp-json\/wp\/v2\/comments?post=22677"}],"version-history":[{"count":0,"href":"https:\/\/maieroffice.cat\/es\/wp-json\/wp\/v2\/pages\/22677\/revisions"}],"wp:attachment":[{"href":"https:\/\/maieroffice.cat\/es\/wp-json\/wp\/v2\/media?parent=22677"}],"curies":[{"name":"wp","href":"https:\/\/api.w.org\/{rel}","templated":true}]}}